{"id":602,"date":"2024-11-10T11:33:28","date_gmt":"2024-11-10T11:33:28","guid":{"rendered":"https:\/\/www.kristinamarkovic.com\/about-me-3\/"},"modified":"2025-06-20T21:21:35","modified_gmt":"2025-06-20T21:21:35","slug":"o-meni","status":"publish","type":"page","link":"https:\/\/www.kristinamarkovic.com\/sr\/o-meni\/","title":{"rendered":"O MENI"},"content":{"rendered":"<div class=\"wpb-content-wrapper\"><p>[vc_row css_animation=&#8220;none&#8220; iron_row_type=&#8220;in_container&#8220; iron_remove_padding_medium=&#8220;&#8220; iron_remove_padding_small=&#8220;&#8220; iron_overlay_pattern=&#8220;&#8220; iron_parallax=&#8220;&#8220; iron_bg_video=&#8220;&#8220; css=&#8220;.vc_custom_1736712207060{margin-bottom: 25px !important;}&#8220;][vc_column css_animation=&#8220;fadeIn&#8220; width=&#8220;1\/2&#8243;][vc_single_image image=&#8220;955&#8243; img_size=&#8220;550&#215;550&#8243; css_animation=&#8220;fadeIn&#8220; css=&#8220;&#8220; img_fullwidth=&#8220;0&#8243;][\/vc_column][vc_column css_animation=&#8220;fadeIn&#8220; width=&#8220;1\/2&#8243; el_class=&#8220;delay-anim&#8220; css=&#8220;.vc_custom_1736712606425{margin-top: -15px !important;}&#8220;][vc_column_text css=&#8220;.vc_custom_1736712648265{margin-bottom: 25px !important;}&#8220;]Kristina je zapo\u010dela svoju filmsku karijeru 2012. godine. Stekla je opse\u017eno znanje kao slobodan radnik na razli\u010ditim pozicijama unutar sektora produkcije, uglavnom rade\u0107i na stranim projektima. Njeno iskustvo obuhvata raznovrsne formate poput dugometra\u017enih i kratkometra\u017enih filmova, dokumentaraca, TV serija, reklama i muzi\u010dkih spotova.[\/vc_column_text][vc_column_text css=&#8220;.vc_custom_1736712652655{margin-bottom: 25px !important;}&#8220;]Prepoznaju\u0107i istorijsku potisnutost i konzervativizam po pitanju intimnosti i svesne seksualnosti na Balkanu, Kristina pro\u0161la je kroz razli\u010dite programe u sklopu <a href=\"https:\/\/ista.life\/\">International School of Temple Arts (ISTA)<\/a>. Godine 2022, pokrenula je radionicu\u00a0<em>Let\u2019s Talk About S<\/em><em>*X<\/em>, u kojoj vodi grupe u istra\u017eivanju li\u010dne seksualne energije kroz jasnu komunikaciju, saglasnost i po\u0161tovanje zdravih granica. Njen pristup koristi razli\u010dite tehnike iz psihosomatske terapije, psihodrame, praksi disanja, tantre, svesnog plesa i pokreta.[\/vc_column_text][vc_column_text css=&#8220;&#8220;]Godine 2024. odlu\u010dila je da spoji svoja dva najve\u0107a interesovanja zavr\u0161iv\u0161i obuku za koordinatore intimnosti, akreditovanu od strane <a href=\"https:\/\/www.sagaftra.org\/contracts-industry-resources\/report-discrimination\/intimacy-coordinator-resources\/training-program\">SAG-AFTRA<\/a>. Edukaciju je organizovala vode\u0107a agencija u predstavljanju profesionalaca u oblasti intimnosti za film i televiziju \u2013 <a href=\"https:\/\/www.intimacyprofessionalsassociation.com\/\">IPA<\/a>, pod vo\u0111stvom <a href=\"https:\/\/www.intimacycoordinator.com\/\">Amande Blumenthal<\/a>.[\/vc_column_text][\/vc_column][\/vc_row][vc_row css_animation=&#8220;fadeIn&#8220; iron_row_type=&#8220;in_container&#8220; iron_remove_padding_medium=&#8220;&#8220; iron_remove_padding_small=&#8220;&#8220; iron_overlay_pattern=&#8220;&#8220; iron_parallax=&#8220;&#8220; iron_bg_video=&#8220;&#8220; css=&#8220;.vc_custom_1731363091411{margin-top: 0px !important;}&#8220; el_class=&#8220;delay-anim&#8220;][vc_column][vc_column_text css=&#8220;&#8220;]Kristinu kolege smatraju prijatnom, odgovornom i transparentnom saradnicom sa sna\u017enim komunikacijskim ve\u0161tinama. U\u010desnici njenih radionica je opisuju kao osobu kojoj veruju, kao nekoga ko stvara sigurno i podr\u017eavaju\u0107e okru\u017eenje u kojem se ose\u0107aju vi\u0111eno i za\u0161ti\u0107eno. Sa ovim klju\u010dnim osobinama za efikasnog koordinatora intimnosti, Kristina je spremna da podr\u017ei projekte sa \u0161irokim spektrom intimnog sadr\u017eaja.[\/vc_column_text][\/vc_column][\/vc_row][vc_row css_animation=&#8220;fadeIn&#8220; iron_row_type=&#8220;in_container&#8220; iron_remove_padding_medium=&#8220;&#8220; iron_remove_padding_small=&#8220;&#8220; iron_overlay_pattern=&#8220;&#8220; iron_parallax=&#8220;&#8220; iron_bg_video=&#8220;&#8220; css=&#8220;.vc_custom_1737673276139{margin-top: 0px !important;}&#8220; el_class=&#8220;lipstick-link about-me-p&#8220;][vc_column][vc_column_text css=&#8220;&#8220;]<\/p>\n<p style=\"text-align: center;\">Zainteresovani za vi\u0161e informacija? Pogledajte njen <a href=\"https:\/\/www.kristinamarkovic.com\/wp-content\/uploads\/2025\/06\/Kristina-Resume-20.6.2025.pdf\">REZIME<\/a><\/p>\n<p>[\/vc_column_text][vc_column_text css=&#8220;.vc_custom_1736712033460{margin-top: -15px !important;}&#8220;]<\/p>\n<p style=\"text-align: center;\">Spremni za akciju? <a href=\"https:\/\/www.kristinamarkovic.com\/sr\/kontakt\/\">JAVITE SE<\/a><\/p>\n<p>[\/vc_column_text][vc_single_image image=&#8220;838&#8243; img_size=&#8220;&#8220; alignment=&#8220;center&#8220; css=&#8220;.vc_custom_1737672233906{margin-top: 20px !important;}&#8220; img_fullwidth=&#8220;0&#8243; el_class=&#8220;logo-ipa logo-ipa-about&#8220;][\/vc_column][\/vc_row][vc_row css_animation=&#8220;fadeIn&#8220; iron_row_type=&#8220;in_container&#8220; iron_remove_padding_medium=&#8220;&#8220; iron_remove_padding_small=&#8220;&#8220; iron_overlay_pattern=&#8220;&#8220; iron_parallax=&#8220;&#8220; iron_bg_video=&#8220;&#8220; css=&#8220;.vc_custom_1731361261540{margin-top: 0px !important;margin-bottom: 50px !important;}&#8220; el_class=&#8220;lipstick-link&#8220;][vc_column][\/vc_column][\/vc_row]<\/p>\n<\/div>","protected":false},"excerpt":{"rendered":"<p>[vc_row css_animation=&#8220;none&#8220; iron_row_type=&#8220;in_container&#8220; iron_remove_padding_medium=&#8220;&#8220; iron_remove_padding_small=&#8220;&#8220; iron_overlay_pattern=&#8220;&#8220; iron_parallax=&#8220;&#8220; iron_bg_video=&#8220;&#8220; css=&#8220;.vc_custom_1736712207060{margin-bottom: 25px !important;}&#8220;][vc_column css_animation=&#8220;fadeIn&#8220; width=&#8220;1\/2&#8243;][vc_single_image image=&#8220;955&#8243; img_size=&#8220;550&#215;550&#8243; css_animation=&#8220;fadeIn&#8220; css=&#8220;&#8220; img_fullwidth=&#8220;0&#8243;][\/vc_column][vc_column css_animation=&#8220;fadeIn&#8220; width=&#8220;1\/2&#8243; el_class=&#8220;delay-anim&#8220; css=&#8220;.vc_custom_1736712606425{margin-top: -15px !important;}&#8220;][vc_column_text css=&#8220;.vc_custom_1736712648265{margin-bottom: 25px !important;}&#8220;]Kristina je zapo\u010dela svoju filmsku karijeru 2012. godine. Stekla je opse\u017eno znanje kao slobodan radnik na razli\u010ditim pozicijama unutar sektora produkcije, uglavnom rade\u0107i na stranim projektima. Njeno iskustvo obuhvata raznovrsne formate poput dugometra\u017enih i kratkometra\u017enih filmova, dokumentaraca, TV serija, reklama i muzi\u010dkih spotova.[\/vc_column_text][vc_column_text css=&#8220;.vc_custom_1736712652655{margin-bottom: 25px !important;}&#8220;]Prepoznaju\u0107i istorijsku potisnutost i konzervativizam po pitanju intimnosti i [&hellip;]<\/p>\n","protected":false},"author":1,"featured_media":0,"parent":0,"menu_order":0,"comment_status":"closed","ping_status":"closed","template":"","meta":{"_acf_changed":false,"footnotes":""},"class_list":["post-602","page","type-page","status-publish","hentry"],"acf":[],"yoast_head":"<!-- This site is optimized with the Yoast SEO plugin v24.4 - https:\/\/yoast.com\/wordpress\/plugins\/seo\/ -->\n<title>O MENI - Kristina Markovic<\/title>\n<meta name=\"description\" content=\"Kristina je zapo\u010dela svoju filmsku karijeru 2012. godine. Godine 2024. odlu\u010dila je da spoji svoja dva najve\u0107a interesovanja zavr\u0161iv\u0161i obuku za koordinatore intimnosti, akreditovanu od strane SAG-AFTRA.\" \/>\n<meta name=\"robots\" content=\"index, follow, max-snippet:-1, max-image-preview:large, max-video-preview:-1\" \/>\n<link rel=\"canonical\" href=\"https:\/\/www.kristinamarkovic.com\/sr\/o-meni\/\" \/>\n<meta property=\"og:locale\" content=\"sr_RS\" \/>\n<meta property=\"og:type\" content=\"article\" \/>\n<meta property=\"og:title\" content=\"O MENI - Kristina Markovic\" \/>\n<meta property=\"og:description\" content=\"Kristina je zapo\u010dela svoju filmsku karijeru 2012. godine. Godine 2024. odlu\u010dila je da spoji svoja dva najve\u0107a interesovanja zavr\u0161iv\u0161i obuku za koordinatore intimnosti, akreditovanu od strane SAG-AFTRA.\" \/>\n<meta property=\"og:url\" content=\"https:\/\/www.kristinamarkovic.com\/sr\/o-meni\/\" \/>\n<meta property=\"og:site_name\" content=\"Kristina Markovic\" \/>\n<meta property=\"article:modified_time\" content=\"2025-06-20T21:21:35+00:00\" \/>\n<meta name=\"twitter:card\" content=\"summary_large_image\" \/>\n<meta name=\"twitter:label1\" content=\"\u041f\u0440\u043e\u0446\u0435\u045a\u0435\u043d\u043e \u0432\u0440\u0435\u043c\u0435 \u0447\u0438\u0442\u0430\u045a\u0430\" \/>\n\t<meta name=\"twitter:data1\" content=\"2 \u043c\u0438\u043d\u0443\u0442\u0430\" \/>\n<script type=\"application\/ld+json\" class=\"yoast-schema-graph\">{\"@context\":\"https:\/\/schema.org\",\"@graph\":[{\"@type\":\"WebPage\",\"@id\":\"https:\/\/www.kristinamarkovic.com\/sr\/o-meni\/\",\"url\":\"https:\/\/www.kristinamarkovic.com\/sr\/o-meni\/\",\"name\":\"O MENI - Kristina Markovic\",\"isPartOf\":{\"@id\":\"https:\/\/www.kristinamarkovic.com\/#website\"},\"datePublished\":\"2024-11-10T11:33:28+00:00\",\"dateModified\":\"2025-06-20T21:21:35+00:00\",\"description\":\"Kristina je zapo\u010dela svoju filmsku karijeru 2012. godine. Godine 2024. odlu\u010dila je da spoji svoja dva najve\u0107a interesovanja zavr\u0161iv\u0161i obuku za koordinatore intimnosti, akreditovanu od strane SAG-AFTRA.\",\"breadcrumb\":{\"@id\":\"https:\/\/www.kristinamarkovic.com\/sr\/o-meni\/#breadcrumb\"},\"inLanguage\":\"sr-RS\",\"potentialAction\":[{\"@type\":\"ReadAction\",\"target\":[\"https:\/\/www.kristinamarkovic.com\/sr\/o-meni\/\"]}]},{\"@type\":\"BreadcrumbList\",\"@id\":\"https:\/\/www.kristinamarkovic.com\/sr\/o-meni\/#breadcrumb\",\"itemListElement\":[{\"@type\":\"ListItem\",\"position\":1,\"name\":\"Home\",\"item\":\"https:\/\/www.kristinamarkovic.com\/sr\/\"},{\"@type\":\"ListItem\",\"position\":2,\"name\":\"O MENI\"}]},{\"@type\":\"WebSite\",\"@id\":\"https:\/\/www.kristinamarkovic.com\/#website\",\"url\":\"https:\/\/www.kristinamarkovic.com\/\",\"name\":\"Kristina Markovic\",\"description\":\"Intimacy coordinator\",\"potentialAction\":[{\"@type\":\"SearchAction\",\"target\":{\"@type\":\"EntryPoint\",\"urlTemplate\":\"https:\/\/www.kristinamarkovic.com\/?s={search_term_string}\"},\"query-input\":{\"@type\":\"PropertyValueSpecification\",\"valueRequired\":true,\"valueName\":\"search_term_string\"}}],\"inLanguage\":\"sr-RS\"}]}<\/script>\n<!-- \/ Yoast SEO plugin. -->","yoast_head_json":{"title":"O MENI - Kristina Markovic","description":"Kristina je zapo\u010dela svoju filmsku karijeru 2012. godine. Godine 2024. odlu\u010dila je da spoji svoja dva najve\u0107a interesovanja zavr\u0161iv\u0161i obuku za koordinatore intimnosti, akreditovanu od strane SAG-AFTRA.","robots":{"index":"index","follow":"follow","max-snippet":"max-snippet:-1","max-image-preview":"max-image-preview:large","max-video-preview":"max-video-preview:-1"},"canonical":"https:\/\/www.kristinamarkovic.com\/sr\/o-meni\/","og_locale":"sr_RS","og_type":"article","og_title":"O MENI - Kristina Markovic","og_description":"Kristina je zapo\u010dela svoju filmsku karijeru 2012. godine. Godine 2024. odlu\u010dila je da spoji svoja dva najve\u0107a interesovanja zavr\u0161iv\u0161i obuku za koordinatore intimnosti, akreditovanu od strane SAG-AFTRA.","og_url":"https:\/\/www.kristinamarkovic.com\/sr\/o-meni\/","og_site_name":"Kristina Markovic","article_modified_time":"2025-06-20T21:21:35+00:00","twitter_card":"summary_large_image","twitter_misc":{"\u041f\u0440\u043e\u0446\u0435\u045a\u0435\u043d\u043e \u0432\u0440\u0435\u043c\u0435 \u0447\u0438\u0442\u0430\u045a\u0430":"2 \u043c\u0438\u043d\u0443\u0442\u0430"},"schema":{"@context":"https:\/\/schema.org","@graph":[{"@type":"WebPage","@id":"https:\/\/www.kristinamarkovic.com\/sr\/o-meni\/","url":"https:\/\/www.kristinamarkovic.com\/sr\/o-meni\/","name":"O MENI - Kristina Markovic","isPartOf":{"@id":"https:\/\/www.kristinamarkovic.com\/#website"},"datePublished":"2024-11-10T11:33:28+00:00","dateModified":"2025-06-20T21:21:35+00:00","description":"Kristina je zapo\u010dela svoju filmsku karijeru 2012. godine. Godine 2024. odlu\u010dila je da spoji svoja dva najve\u0107a interesovanja zavr\u0161iv\u0161i obuku za koordinatore intimnosti, akreditovanu od strane SAG-AFTRA.","breadcrumb":{"@id":"https:\/\/www.kristinamarkovic.com\/sr\/o-meni\/#breadcrumb"},"inLanguage":"sr-RS","potentialAction":[{"@type":"ReadAction","target":["https:\/\/www.kristinamarkovic.com\/sr\/o-meni\/"]}]},{"@type":"BreadcrumbList","@id":"https:\/\/www.kristinamarkovic.com\/sr\/o-meni\/#breadcrumb","itemListElement":[{"@type":"ListItem","position":1,"name":"Home","item":"https:\/\/www.kristinamarkovic.com\/sr\/"},{"@type":"ListItem","position":2,"name":"O MENI"}]},{"@type":"WebSite","@id":"https:\/\/www.kristinamarkovic.com\/#website","url":"https:\/\/www.kristinamarkovic.com\/","name":"Kristina Markovic","description":"Intimacy coordinator","potentialAction":[{"@type":"SearchAction","target":{"@type":"EntryPoint","urlTemplate":"https:\/\/www.kristinamarkovic.com\/?s={search_term_string}"},"query-input":{"@type":"PropertyValueSpecification","valueRequired":true,"valueName":"search_term_string"}}],"inLanguage":"sr-RS"}]}},"_links":{"self":[{"href":"https:\/\/www.kristinamarkovic.com\/sr\/wp-json\/wp\/v2\/pages\/602","targetHints":{"allow":["GET"]}}],"collection":[{"href":"https:\/\/www.kristinamarkovic.com\/sr\/wp-json\/wp\/v2\/pages"}],"about":[{"href":"https:\/\/www.kristinamarkovic.com\/sr\/wp-json\/wp\/v2\/types\/page"}],"author":[{"embeddable":true,"href":"https:\/\/www.kristinamarkovic.com\/sr\/wp-json\/wp\/v2\/users\/1"}],"replies":[{"embeddable":true,"href":"https:\/\/www.kristinamarkovic.com\/sr\/wp-json\/wp\/v2\/comments?post=602"}],"version-history":[{"count":22,"href":"https:\/\/www.kristinamarkovic.com\/sr\/wp-json\/wp\/v2\/pages\/602\/revisions"}],"predecessor-version":[{"id":980,"href":"https:\/\/www.kristinamarkovic.com\/sr\/wp-json\/wp\/v2\/pages\/602\/revisions\/980"}],"wp:attachment":[{"href":"https:\/\/www.kristinamarkovic.com\/sr\/wp-json\/wp\/v2\/media?parent=602"}],"curies":[{"name":"wp","href":"https:\/\/api.w.org\/{rel}","templated":true}]}}