{"id":604,"date":"2024-11-10T10:47:08","date_gmt":"2024-11-10T10:47:08","guid":{"rendered":"https:\/\/www.kristinamarkovic.com\/the-work\/"},"modified":"2025-02-04T16:02:12","modified_gmt":"2025-02-04T16:02:12","slug":"usluga","status":"publish","type":"page","link":"https:\/\/www.kristinamarkovic.com\/sr\/usluga\/","title":{"rendered":"USLUGA"},"content":{"rendered":"<div class=\"wpb-content-wrapper\"><p>[vc_row content_placement=&#8220;middle&#8220; css_animation=&#8220;fadeIn&#8220; iron_row_type=&#8220;full_width&#8220; iron_remove_padding_medium=&#8220;&#8220; iron_remove_padding_small=&#8220;&#8220; iron_overlay_pattern=&#8220;&#8220; iron_parallax=&#8220;&#8220; iron_bg_video=&#8220;&#8220; css=&#8220;.vc_custom_1732224657397{margin-top: 64px !important;background-image: url(https:\/\/www.kristinamarkovic.com\/wp-content\/uploads\/2024\/11\/thework-bg-origi.jpg?id=504) !important;background-position: center !important;background-repeat: no-repeat !important;background-size: cover !important;}&#8220; el_class=&#8220;work-fw-img&#8220;][vc_column][vc_row_inner content_placement=&#8220;middle&#8220; iron_bg_video=&#8220;&#8220; css_animation=&#8220;fadeIn&#8220; el_class=&#8220;the-work-text delay-anim&#8220;][vc_column_inner][vc_column_text css=&#8220;.vc_custom_1735000463242{margin-bottom: 50px !important;}&#8220;]<\/p>\n<h1 style=\"text-align: center;\">USLUGA<\/h1>\n<p>[\/vc_column_text][vc_column_text css=&#8220;&#8220;]<\/p>\n<p style=\"text-align: center;\">Koordinator intimnosti na filmu i TV je profesija koja je nastala 2017. godine, podstaknuta pokretom <a href=\"https:\/\/metoomvmt.org\/\">MeToo<\/a> i slu\u010dajem <a href=\"https:\/\/en.wikipedia.org\/wiki\/Harvey_Weinstein_sexual_abuse_cases\">Weinstein<\/a>. Iako Holivud ovu ulogu ve\u0107 uveliko smatra klju\u010dnom, svest i potreba za ovom profesijom jo\u0161 uvek je u fazi razvoja \u0161irom Evrope, naro\u010dito na Balkanu.<\/p>\n<p style=\"text-align: center;\">Primarna uloga <em>KI<\/em> je stvaranje sigurnog prostora za glumce u scenama koje uklju\u010duju obna\u017eenost, simulirani seks i druge oblike intimnosti, uz istovremenu podr\u0161ku kreativnoj viziji reditelja. Prioritet daju\u0107i emocionalnoj sigurnosti, <em>KI<\/em> kroz saradnju izme\u0111u sektora gradi poverenje, omogu\u0107avaju\u0107i timu da stvori kvalitetne scene u atmosferi uzajamnog po\u0161tovanja.<\/p>\n<p>[\/vc_column_text][\/vc_column_inner][\/vc_row_inner][\/vc_column][\/vc_row][vc_row css_animation=&#8220;none&#8220; iron_row_type=&#8220;in_container&#8220; iron_remove_padding_medium=&#8220;&#8220; iron_remove_padding_small=&#8220;&#8220; iron_overlay_pattern=&#8220;&#8220; iron_parallax=&#8220;&#8220; iron_bg_video=&#8220;&#8220; el_class=&#8220;faq&#8220; css=&#8220;.vc_custom_1731360226368{margin-top: -460px !important;margin-bottom: 50px !important;}&#8220;][vc_column][vc_row_inner iron_bg_video=&#8220;&#8220; el_class=&#8220;faq&#8220;][vc_column_inner][vc_toggle title=&#8220;1. Koje su klju\u010dne odgovornosti koordinatora intimnosti ?&#8220; style=&#8220;arrow&#8220; css=&#8220;&#8220;]<\/p>\n<ul>\n<li><strong>Podr\u0161ka<\/strong><strong> za glumce<\/strong><br \/>\nOsiguravanje sigurnosti glumaca kroz postavljanje granica, saglasnost i o\u010duvanje autonomije tela, uklju\u010duju\u0107i i LGBTQIA+ perspektive. <em>KI<\/em> tako\u0111e pru\u017ea emocionalnu podr\u0161ku, posebno kada scene izazivaju traumatske ili druge intenzivne reakcije kod glumaca.<\/li>\n<li><strong>Saradnja i <\/strong><strong>upravljanje dinamikama mo\u0107i<\/strong><br \/>\nPronala\u017eenje zajedni\u010dkog jezika izme\u0111u glumaca i produkcije; uskla\u0111ivanje ciljeva reditelja sa granicama glumaca; omogu\u0107avanje otvorene komunikacije tako da svi mogu slobodno izraziti svoje &#8222;ne&#8220;.<\/li>\n<li><strong>Olak\u0161avanje komunikacije<\/strong><br \/>\nPostavljanje jasnih komunikacijskih kanala me\u0111u glumcima u sceni; stalna podr\u0161ka izvo\u0111a\u010dima kojima je to potrebno; pomo\u0107 u odr\u017eavanju granica tokom celog procesa snimanja.<\/li>\n<li><strong>Po\u0161tovanje<\/strong><strong> protokola<\/strong><br \/>\nImplementacija zatvorenih setova, ugovora o obna\u017eenosti, garderobe za za\u0161titu intimnih delova tela i drugih protokola specifi\u010dnih za kontekst snimanja.<\/li>\n<li><strong>Koreografija i vo\u0111enje pokreta<\/strong><br \/>\nUkoliko je potrebna pomo\u0107 povodom koreografije intimnih scena i njenog uskla\u0111ivanja sa rediteljskom vizijom &#8211; uz pru\u017eanje podr\u0161ke izvo\u0111a\u010dima.<\/li>\n<li><strong>Koordinacija izme\u0111u <\/strong><strong>sektora<\/strong><br \/>\nPovezivanje sektora koji su uklju\u010deni u sprovo\u0111enje intimnih scena. Ova koordinacija omogu\u0107ava pravovremenu razmenu informacija, \u0161to doprinosi glatkoj saradnji i efikasnom snimanju.<\/li>\n<\/ul>\n<p>[\/vc_toggle][vc_toggle title=&#8220;2. Koje vrste scena zahtevaju prisustvo koordinatora intimnosti?&#8220; style=&#8220;arrow&#8220; css=&#8220;&#8220;]Fokus koordinatora intimnosti je prvenstveno na <em>fizi\u010dkoj i emocionalnoj<\/em> intimnosti, \u0161to u filmskim i TV scenama podrazumeva:<\/p>\n<ul>\n<li>Intimni fizi\u010dki kontakt<\/li>\n<li>Obna\u017eenost<\/li>\n<li>Simulirane seksualne radnje (uklju\u010duju\u0107i masturbaciju)<\/li>\n<li>Ljubljenje<\/li>\n<li>Sve vrste intimnog dodira<\/li>\n<li>Flertovanje i zavo\u0111enje<\/li>\n<li>Seksualno izra\u017eavanje<\/li>\n<li>Seksualizovano plesanje<\/li>\n<li>Poro\u0111aj ili dojenje<\/li>\n<li>Medicinske procedure<\/li>\n<li>Svi aspekti prikaza intimnosti koji uklju\u010duju maloletnike<\/li>\n<\/ul>\n<p>Svaki slu\u010daj je specifi\u010dan, te slobodno <a href=\"https:\/\/www.kristinamarkovic.com\/sr\/contact\/\">kontaktirajte Kristinu<\/a> za sva pitanja i nedoumice.[\/vc_toggle][vc_toggle title=&#8220;3. Za\u0161to je va\u017eno imati koordinatora intimnosti u svom timu i koji su benefiti?&#8220; style=&#8220;arrow&#8220; css=&#8220;&#8220;]<\/p>\n<ul>\n<li><strong>Uspostavljanje profesionalizma i edukacije o intimnosti na setu. <\/strong>\u010clanovi snimaju\u0107e ekipe \u010desto nemaju dovoljno znanja o tome kako pravilno diskutovati o intimnosti, \u0161to neretko dovodi do nesporazuma.<\/li>\n<li><strong>Podr\u0161ka <\/strong><strong>izvo\u0111a\u010dima<\/strong><strong> da se ose\u0107aju ugodnije<\/strong>, znaju\u0107i da neko brine o njihovoj udobnosti i dobrobiti. <em>KI<\/em> prioritizuje najbolje interese glumaca i drugih izvo\u0111a\u010da.<\/li>\n<li><strong>Pove\u0107anje efikasnosti<\/strong>\u00a0osiguravanjem da su izvo\u0111a\u010di dobro informisani i pripremljeni, smanjuju\u0107i faktor iznena\u0111enja i poma\u017eu\u0107i u odr\u017eavanju plana produkcije i snimanja.<\/li>\n<li><strong>Smanjenje rizika<\/strong>\u00a0stvaranjem profesionalnog okru\u017eenja koje smanjuje mogu\u0107nost tu\u017ebi i pravnih izazova.<\/li>\n<li><strong>Za\u0161tita fizi\u010dke i emocionalne sigurnosti glumaca<\/strong>, posebno tokom kaskaderskih scena ili izazova vezanih za saglasnost.<\/li>\n<li><strong>Uravnote\u017e<\/strong><strong>enje<\/strong> <strong>dinamika mo\u0107i<\/strong>\u00a0izme\u0111u reditelja, producenata i glumaca i stvaranje sigurnog prostora za izra\u017eavanje potreba.<\/li>\n<li><strong>Pobolj\u0161anje izvedbi<\/strong>\u00a0tako da glumci mogu da se fokusiraju na svoj zanat onda kada su sigurni u segment intimnosti.<\/li>\n<\/ul>\n<p>[\/vc_toggle][vc_toggle title=&#8220;4. U kojoj fazi produkcije treba anga\u017eovati koordinatora intimnosti?&#8220; style=&#8220;arrow&#8220; css=&#8220;&#8220;]S obzirom na to da je ova uloga jo\u0161 uvek nova na Balkanu, i produkcijski timovi se jo\u0161 nisu navikli na zajedni\u010dki rad, koordinatora intimnosti va\u017eno je anga\u017eovati rano u procesu produkcije.<\/p>\n<p>Iako po\u010detni radni zahtevi mo\u017eda ne\u0107e biti intenzivni, va\u017eno je odvojiti vreme za planiranje i edukaciju tima o ovoj osetljivoj poziciji. Kao \u0161ef svog sektora, <em>KI<\/em> treba da bude anga\u017eovan u fazi pre-produkcije zajedno sa \u0161efovima drugih sektora.<\/p>\n<p>Anga\u017eovanje <em>KI<\/em> na vreme poma\u017ee u identifikovanju i re\u0161avanju potencijalnih pote\u0161ko\u0107a, \u0161tedi vreme, novac i kreativnu energiju. Oni obezbe\u0111uju pravovremenu koordinaciju u vezi sa za\u0161titnom ode\u0107om, protetikom, ugovorima o obna\u017eenosti itd.<\/p>\n<p><em>KI<\/em> mo\u017ee podr\u017eati proces kastinga, osiguravaju\u0107i uskla\u0111enost sa sindikalnim pravilima i proveriti udobnost \u010dlanova gluma\u010dkog tima sa potrebnom obna\u017eeno\u0161\u0107u ili simuliranim seksom.[\/vc_toggle][vc_toggle title=&#8220;5. Za\u0161to je va\u017eno raditi sa sertifikovanim koordinatorom intimnosti?&#8220; style=&#8220;arrow&#8220; css=&#8220;&#8220;]Po\u0161to je uloga koordinatora intimnosti jo\u0161 uvek u fazi razvoja, osobe na ovoj poziciji dolaze iz razli\u010ditih oblasti i mogu imati razli\u010dite obuke i kvalifikacije. Da bi efikasno upravljali slo\u017eenim odgovornostima, sertifikovani profesionalci prolaze obuku koja pokriva klju\u010dne oblasti kao \u0161to su:<\/p>\n<ul>\n<li>Saglasnost<\/li>\n<li>Prakse protiv uznemiravanja<\/li>\n<li>Prva pomo\u0107 za mentalno zdravlje<\/li>\n<li>Re\u0161avanje konflikata<\/li>\n<li>Rodni identitet i seksualna orijentacija<\/li>\n<li>Antirasizam i inkluzija<\/li>\n<li>Intervencija kao posmatra\u010da<\/li>\n<li>Koreografija pokreta<\/li>\n<li>Upotreba za\u0161titne ode\u0107e i barijera<\/li>\n<\/ul>\n<p>Anga\u017eovanje sertifikovanog koordinatora intimnosti osigurava:<\/p>\n<ul>\n<li>Zalaganje za emocionalnu i fizi\u010dku sigurnost glumaca<\/li>\n<li>Razumevanje dinamike mo\u0107i na setu<\/li>\n<li>Pomo\u0107 rediteljima i glumcima u pronala\u017eenju udobnog i kreativnog prostora za scene obna\u017eenosti i simuliranog seksa<\/li>\n<li>Pobolj\u0161anje efikasnosti snimanja<\/li>\n<li>Smanjenje rizika od pravnih problema<\/li>\n<\/ul>\n<p>&nbsp;<\/p>\n<p>Kristina je prva koordinatorka intimnosti u Srbiji sertifikovana od strane <a href=\"https:\/\/www.intimacyprofessionalsassociation.com\/\">IPA<\/a>, \u010diji program obuke je akreditovan od <a href=\"https:\/\/www.sagaftra.org\/contracts-industry-resources\/report-discrimination\/intimacy-coordinator-resources\/training-program\">SAG-AFTRA<\/a>.[\/vc_toggle][vc_toggle title=&#8220;6. Izvori&#8220; style=&#8220;arrow&#8220; css=&#8220;&#8220;]<\/p>\n<ul>\n<li><a href=\"https:\/\/www.sagaftra.org\/files\/sa_documents\/SA_IntimacyCoord.pdf\">SAG AFTRA Standards and Protocols for the Use of Intimacy Coordinators\u00a0<\/a><\/li>\n<li><a href=\"https:\/\/www.sagaftra.org\/files\/sa_documents\/SAG-AFTRA_quickguide_intimscenes_F2.pdf\">SAG AFTRA Quick Guide for Scenes Involving Nudity and Simulated Sex<\/a><\/li>\n<li><a href=\"https:\/\/www.sagaftra.org\/files\/sa_documents\/Intimacy_Casting%20Directors_2_2021.pdf\">SAG AFTRA Casting Director&#8217;s Guide &#8211; Casting Roles for Intimate Scenes<\/a><\/li>\n<li><a href=\"https:\/\/www.sagaftra.org\/files\/sa_documents\/Sex_Nudity_and_You_FINAL.pdf\">SAG AFTRA Sex, Nudity and You Members Booklet<\/a><\/li>\n<\/ul>\n<p>[\/vc_toggle][\/vc_column_inner][\/vc_row_inner][vc_single_image image=&#8220;838&#8243; img_size=&#8220;&#8220; alignment=&#8220;center&#8220; css=&#8220;.vc_custom_1737672295292{margin-top: 35px !important;}&#8220; img_fullwidth=&#8220;0&#8243; el_class=&#8220;logo-ipa&#8220;][\/vc_column][\/vc_row]<\/p>\n<\/div>","protected":false},"excerpt":{"rendered":"<p>[vc_row content_placement=&#8220;middle&#8220; css_animation=&#8220;fadeIn&#8220; iron_row_type=&#8220;full_width&#8220; iron_remove_padding_medium=&#8220;&#8220; iron_remove_padding_small=&#8220;&#8220; iron_overlay_pattern=&#8220;&#8220; iron_parallax=&#8220;&#8220; iron_bg_video=&#8220;&#8220; css=&#8220;.vc_custom_1732224657397{margin-top: 64px !important;background-image: url(https:\/\/www.kristinamarkovic.com\/wp-content\/uploads\/2024\/11\/thework-bg-origi.jpg?id=504) !important;background-position: center !important;background-repeat: no-repeat !important;background-size: cover !important;}&#8220; el_class=&#8220;work-fw-img&#8220;][vc_column][vc_row_inner content_placement=&#8220;middle&#8220; iron_bg_video=&#8220;&#8220; css_animation=&#8220;fadeIn&#8220; el_class=&#8220;the-work-text delay-anim&#8220;][vc_column_inner][vc_column_text css=&#8220;.vc_custom_1735000463242{margin-bottom: 50px !important;}&#8220;] USLUGA [\/vc_column_text][vc_column_text css=&#8220;&#8220;] Koordinator intimnosti na filmu i TV je profesija koja je nastala 2017. godine, podstaknuta pokretom MeToo i slu\u010dajem Weinstein. Iako Holivud ovu ulogu ve\u0107 uveliko smatra klju\u010dnom, svest i potreba za ovom profesijom jo\u0161 uvek je u fazi razvoja \u0161irom Evrope, naro\u010dito na Balkanu. Primarna uloga KI je [&hellip;]<\/p>\n","protected":false},"author":1,"featured_media":0,"parent":0,"menu_order":0,"comment_status":"closed","ping_status":"closed","template":"","meta":{"_acf_changed":false,"footnotes":""},"class_list":["post-604","page","type-page","status-publish","hentry"],"acf":[],"yoast_head":"<!-- This site is optimized with the Yoast SEO plugin v24.4 - https:\/\/yoast.com\/wordpress\/plugins\/seo\/ -->\n<title>USLUGA - Kristina Markovic<\/title>\n<meta name=\"description\" content=\"Koordinator intimnosti na filmu i TV je profesija koja je nastala 2017. godine, podstaknuta pokretom MeToo i slu\u010dajem Weinstein.\" \/>\n<meta name=\"robots\" content=\"index, follow, max-snippet:-1, max-image-preview:large, max-video-preview:-1\" \/>\n<link rel=\"canonical\" href=\"https:\/\/www.kristinamarkovic.com\/sr\/usluga\/\" \/>\n<meta property=\"og:locale\" content=\"sr_RS\" \/>\n<meta property=\"og:type\" content=\"article\" \/>\n<meta property=\"og:title\" content=\"USLUGA - Kristina Markovic\" \/>\n<meta property=\"og:description\" content=\"Koordinator intimnosti na filmu i TV je profesija koja je nastala 2017. godine, podstaknuta pokretom MeToo i slu\u010dajem Weinstein.\" \/>\n<meta property=\"og:url\" content=\"https:\/\/www.kristinamarkovic.com\/sr\/usluga\/\" \/>\n<meta property=\"og:site_name\" content=\"Kristina Markovic\" \/>\n<meta property=\"article:modified_time\" content=\"2025-02-04T16:02:12+00:00\" \/>\n<meta name=\"twitter:card\" content=\"summary_large_image\" \/>\n<meta name=\"twitter:label1\" content=\"\u041f\u0440\u043e\u0446\u0435\u045a\u0435\u043d\u043e \u0432\u0440\u0435\u043c\u0435 \u0447\u0438\u0442\u0430\u045a\u0430\" \/>\n\t<meta name=\"twitter:data1\" content=\"4 \u043c\u0438\u043d\u0443\u0442\u0430\" \/>\n<script type=\"application\/ld+json\" class=\"yoast-schema-graph\">{\"@context\":\"https:\/\/schema.org\",\"@graph\":[{\"@type\":\"WebPage\",\"@id\":\"https:\/\/www.kristinamarkovic.com\/sr\/usluga\/\",\"url\":\"https:\/\/www.kristinamarkovic.com\/sr\/usluga\/\",\"name\":\"USLUGA - Kristina Markovic\",\"isPartOf\":{\"@id\":\"https:\/\/www.kristinamarkovic.com\/#website\"},\"datePublished\":\"2024-11-10T10:47:08+00:00\",\"dateModified\":\"2025-02-04T16:02:12+00:00\",\"description\":\"Koordinator intimnosti na filmu i TV je profesija koja je nastala 2017. godine, podstaknuta pokretom MeToo i slu\u010dajem Weinstein.\",\"breadcrumb\":{\"@id\":\"https:\/\/www.kristinamarkovic.com\/sr\/usluga\/#breadcrumb\"},\"inLanguage\":\"sr-RS\",\"potentialAction\":[{\"@type\":\"ReadAction\",\"target\":[\"https:\/\/www.kristinamarkovic.com\/sr\/usluga\/\"]}]},{\"@type\":\"BreadcrumbList\",\"@id\":\"https:\/\/www.kristinamarkovic.com\/sr\/usluga\/#breadcrumb\",\"itemListElement\":[{\"@type\":\"ListItem\",\"position\":1,\"name\":\"Home\",\"item\":\"https:\/\/www.kristinamarkovic.com\/sr\/\"},{\"@type\":\"ListItem\",\"position\":2,\"name\":\"USLUGA\"}]},{\"@type\":\"WebSite\",\"@id\":\"https:\/\/www.kristinamarkovic.com\/#website\",\"url\":\"https:\/\/www.kristinamarkovic.com\/\",\"name\":\"Kristina Markovic\",\"description\":\"Intimacy coordinator\",\"potentialAction\":[{\"@type\":\"SearchAction\",\"target\":{\"@type\":\"EntryPoint\",\"urlTemplate\":\"https:\/\/www.kristinamarkovic.com\/?s={search_term_string}\"},\"query-input\":{\"@type\":\"PropertyValueSpecification\",\"valueRequired\":true,\"valueName\":\"search_term_string\"}}],\"inLanguage\":\"sr-RS\"}]}<\/script>\n<!-- \/ Yoast SEO plugin. -->","yoast_head_json":{"title":"USLUGA - Kristina Markovic","description":"Koordinator intimnosti na filmu i TV je profesija koja je nastala 2017. godine, podstaknuta pokretom MeToo i slu\u010dajem Weinstein.","robots":{"index":"index","follow":"follow","max-snippet":"max-snippet:-1","max-image-preview":"max-image-preview:large","max-video-preview":"max-video-preview:-1"},"canonical":"https:\/\/www.kristinamarkovic.com\/sr\/usluga\/","og_locale":"sr_RS","og_type":"article","og_title":"USLUGA - Kristina Markovic","og_description":"Koordinator intimnosti na filmu i TV je profesija koja je nastala 2017. godine, podstaknuta pokretom MeToo i slu\u010dajem Weinstein.","og_url":"https:\/\/www.kristinamarkovic.com\/sr\/usluga\/","og_site_name":"Kristina Markovic","article_modified_time":"2025-02-04T16:02:12+00:00","twitter_card":"summary_large_image","twitter_misc":{"\u041f\u0440\u043e\u0446\u0435\u045a\u0435\u043d\u043e \u0432\u0440\u0435\u043c\u0435 \u0447\u0438\u0442\u0430\u045a\u0430":"4 \u043c\u0438\u043d\u0443\u0442\u0430"},"schema":{"@context":"https:\/\/schema.org","@graph":[{"@type":"WebPage","@id":"https:\/\/www.kristinamarkovic.com\/sr\/usluga\/","url":"https:\/\/www.kristinamarkovic.com\/sr\/usluga\/","name":"USLUGA - Kristina Markovic","isPartOf":{"@id":"https:\/\/www.kristinamarkovic.com\/#website"},"datePublished":"2024-11-10T10:47:08+00:00","dateModified":"2025-02-04T16:02:12+00:00","description":"Koordinator intimnosti na filmu i TV je profesija koja je nastala 2017. godine, podstaknuta pokretom MeToo i slu\u010dajem Weinstein.","breadcrumb":{"@id":"https:\/\/www.kristinamarkovic.com\/sr\/usluga\/#breadcrumb"},"inLanguage":"sr-RS","potentialAction":[{"@type":"ReadAction","target":["https:\/\/www.kristinamarkovic.com\/sr\/usluga\/"]}]},{"@type":"BreadcrumbList","@id":"https:\/\/www.kristinamarkovic.com\/sr\/usluga\/#breadcrumb","itemListElement":[{"@type":"ListItem","position":1,"name":"Home","item":"https:\/\/www.kristinamarkovic.com\/sr\/"},{"@type":"ListItem","position":2,"name":"USLUGA"}]},{"@type":"WebSite","@id":"https:\/\/www.kristinamarkovic.com\/#website","url":"https:\/\/www.kristinamarkovic.com\/","name":"Kristina Markovic","description":"Intimacy coordinator","potentialAction":[{"@type":"SearchAction","target":{"@type":"EntryPoint","urlTemplate":"https:\/\/www.kristinamarkovic.com\/?s={search_term_string}"},"query-input":{"@type":"PropertyValueSpecification","valueRequired":true,"valueName":"search_term_string"}}],"inLanguage":"sr-RS"}]}},"_links":{"self":[{"href":"https:\/\/www.kristinamarkovic.com\/sr\/wp-json\/wp\/v2\/pages\/604","targetHints":{"allow":["GET"]}}],"collection":[{"href":"https:\/\/www.kristinamarkovic.com\/sr\/wp-json\/wp\/v2\/pages"}],"about":[{"href":"https:\/\/www.kristinamarkovic.com\/sr\/wp-json\/wp\/v2\/types\/page"}],"author":[{"embeddable":true,"href":"https:\/\/www.kristinamarkovic.com\/sr\/wp-json\/wp\/v2\/users\/1"}],"replies":[{"embeddable":true,"href":"https:\/\/www.kristinamarkovic.com\/sr\/wp-json\/wp\/v2\/comments?post=604"}],"version-history":[{"count":10,"href":"https:\/\/www.kristinamarkovic.com\/sr\/wp-json\/wp\/v2\/pages\/604\/revisions"}],"predecessor-version":[{"id":889,"href":"https:\/\/www.kristinamarkovic.com\/sr\/wp-json\/wp\/v2\/pages\/604\/revisions\/889"}],"wp:attachment":[{"href":"https:\/\/www.kristinamarkovic.com\/sr\/wp-json\/wp\/v2\/media?parent=604"}],"curies":[{"name":"wp","href":"https:\/\/api.w.org\/{rel}","templated":true}]}}